{"id":14753,"date":"2021-08-23T22:25:32","date_gmt":"2021-08-23T20:25:32","guid":{"rendered":"https:\/\/culturesco.com\/?post_type=product&#038;p=14753"},"modified":"2022-11-28T22:33:08","modified_gmt":"2022-11-28T21:33:08","slug":"raconte-moi-33-concerts-livre-loic-lost-stephan","status":"publish","type":"product","link":"https:\/\/culturesco.com\/index.php\/produit\/raconte-moi-33-concerts-livre-loic-lost-stephan\/","title":{"rendered":"Raconte-moi 33 concerts &#8211; LOIC \u00ab\u00a0LOST\u00a0\u00bb STEPHAN"},"content":{"rendered":"<p>Raconte-Moi 33 Concerts<\/p>\n<p>V\u00e9ritable hommage \u00e0 la musique \u00ab live \u00bb, aux concerts, Raconte-Moi 33 Concerts vous transporte dans un voyage musical in\u00e9dit.<\/p>\n<p>Croisez les guitares satur\u00e9es de Korn, laissez-vous caresser par les douceurs marocaines d\u2019Oum, affrontez la puissance de Mot\u00f6rhead, dansez avec l\u2019enthousiasmant Caravan Palace, mariez-vous avec Shuggie Otis, retrouvez les fondateurs Deep Purple ou Toots &amp; The Maytals. Partagez une tranche de la vie de trente-trois artistes vibrants d\u2019\u00e9nergie lors de performances sc\u00e9niques marquantes.<\/p>\n<p><a href=\"https:\/\/culturesco.com\/index.php\/2021\/06\/08\/raconte-moi-33-concerts-un-livre-de-loic-stephan\/\" target=\"_blank\" rel=\"noopener\">Plongez dans un univers aux couleurs multiples<\/a>, (re)vivez trente-trois concerts, moments forts de partage entre un artiste et son public. Vibrez d\u2019\u00e9motions en lisant les r\u00e9cits pleins de vie d\u2019un auteur passionn\u00e9. Savourez les illustrations in\u00e9dites qui renforcent chaque texte, compl\u00e9tant chaque concert d\u2019une vision originale pour que le voyage soit entier, total, sublim\u00e9.<\/p>\n<p>Alors, poussez le volume \u00e0 fond\u2026et profitez<\/p>\n","protected":false},"excerpt":{"rendered":"<p>Raconte-moi 33 concerts, un livre de LOIC \u00ab\u00a0LOST\u00a0\u00bb STEPHAN<\/p>\n","protected":false},"featured_media":14754,"comment_status":"open","ping_status":"closed","template":"","meta":{"jetpack_post_was_ever_published":false,"tdm_status":"","tdm_grid_status":""},"product_brand":[],"product_cat":[14034],"product_tag":[],"class_list":{"0":"post-14753","1":"product","2":"type-product","3":"status-publish","4":"has-post-thumbnail","6":"product_cat-livre","8":"first","9":"instock","10":"product-type-external"},"yoast_head":"<!-- This site is optimized with the Yoast SEO plugin v27.5 - https:\/\/yoast.com\/product\/yoast-seo-wordpress\/ -->\n<title>Raconte-moi 33 concerts - LOIC &quot;LOST&quot; STEPHAN - Culturesco<\/title>\n<meta name=\"description\" content=\"Raconte-moi 33 concerts, un livre de Loic Lost Stephan. 33 Lives cont\u00e9s par l&#039;auteur, l&#039;ambiance comme si vous y \u00e9tiez, au format vinyle !\" \/>\n<meta name=\"robots\" content=\"index, follow, max-snippet:-1, max-image-preview:large, max-video-preview:-1\" \/>\n<link rel=\"canonical\" href=\"https:\/\/culturesco.com\/index.php\/produit\/raconte-moi-33-concerts-livre-loic-lost-stephan\/\" \/>\n<meta property=\"og:locale\" content=\"fr_FR\" \/>\n<meta property=\"og:type\" content=\"article\" \/>\n<meta property=\"og:title\" content=\"Raconte-moi 33 concerts - LOIC &quot;LOST&quot; STEPHAN - Culturesco\" \/>\n<meta property=\"og:description\" content=\"Raconte-moi 33 concerts, un livre de Loic Lost Stephan. 33 Lives cont\u00e9s par l&#039;auteur, l&#039;ambiance comme si vous y \u00e9tiez, au format vinyle !\" \/>\n<meta property=\"og:url\" content=\"https:\/\/culturesco.com\/index.php\/produit\/raconte-moi-33-concerts-livre-loic-lost-stephan\/\" \/>\n<meta property=\"og:site_name\" content=\"Culturesco\" \/>\n<meta property=\"article:publisher\" content=\"https:\/\/www.facebook.com\/radioculturesco\" \/>\n<meta property=\"article:modified_time\" content=\"2022-11-28T21:33:08+00:00\" \/>\n<meta property=\"og:image\" content=\"https:\/\/culturesco.com\/wp-content\/uploads\/2021\/08\/raconte-moi-33-concerts-.jpg.jpg\" \/>\n\t<meta property=\"og:image:width\" content=\"599\" \/>\n\t<meta property=\"og:image:height\" content=\"600\" \/>\n\t<meta property=\"og:image:type\" content=\"image\/jpeg\" \/>\n<meta name=\"twitter:card\" content=\"summary_large_image\" \/>\n<meta name=\"twitter:site\" content=\"@AugusteMarshal\" \/>\n<meta name=\"twitter:label1\" content=\"Dur\u00e9e de lecture estim\u00e9e\" \/>\n\t<meta name=\"twitter:data1\" content=\"1 minute\" \/>\n<script type=\"application\/ld+json\" class=\"yoast-schema-graph\">{\"@context\":\"https:\\\/\\\/schema.org\",\"@graph\":[{\"@type\":\"WebPage\",\"@id\":\"https:\\\/\\\/culturesco.com\\\/index.php\\\/produit\\\/raconte-moi-33-concerts-livre-loic-lost-stephan\\\/\",\"url\":\"https:\\\/\\\/culturesco.com\\\/index.php\\\/produit\\\/raconte-moi-33-concerts-livre-loic-lost-stephan\\\/\",\"name\":\"Raconte-moi 33 concerts - LOIC \\\"LOST\\\" STEPHAN - Culturesco\",\"isPartOf\":{\"@id\":\"https:\\\/\\\/culturesco.com\\\/#website\"},\"primaryImageOfPage\":{\"@id\":\"https:\\\/\\\/culturesco.com\\\/index.php\\\/produit\\\/raconte-moi-33-concerts-livre-loic-lost-stephan\\\/#primaryimage\"},\"image\":{\"@id\":\"https:\\\/\\\/culturesco.com\\\/index.php\\\/produit\\\/raconte-moi-33-concerts-livre-loic-lost-stephan\\\/#primaryimage\"},\"thumbnailUrl\":\"https:\\\/\\\/i0.wp.com\\\/culturesco.com\\\/wp-content\\\/uploads\\\/2021\\\/08\\\/raconte-moi-33-concerts-.jpg.jpg?fit=599%2C600&ssl=1\",\"datePublished\":\"2021-08-23T20:25:32+00:00\",\"dateModified\":\"2022-11-28T21:33:08+00:00\",\"description\":\"Raconte-moi 33 concerts, un livre de Loic Lost Stephan. 33 Lives cont\u00e9s par l'auteur, l'ambiance comme si vous y \u00e9tiez, au format vinyle !\",\"breadcrumb\":{\"@id\":\"https:\\\/\\\/culturesco.com\\\/index.php\\\/produit\\\/raconte-moi-33-concerts-livre-loic-lost-stephan\\\/#breadcrumb\"},\"inLanguage\":\"fr-FR\",\"potentialAction\":[{\"@type\":\"ReadAction\",\"target\":[\"https:\\\/\\\/culturesco.com\\\/index.php\\\/produit\\\/raconte-moi-33-concerts-livre-loic-lost-stephan\\\/\"]}]},{\"@type\":\"ImageObject\",\"inLanguage\":\"fr-FR\",\"@id\":\"https:\\\/\\\/culturesco.com\\\/index.php\\\/produit\\\/raconte-moi-33-concerts-livre-loic-lost-stephan\\\/#primaryimage\",\"url\":\"https:\\\/\\\/i0.wp.com\\\/culturesco.com\\\/wp-content\\\/uploads\\\/2021\\\/08\\\/raconte-moi-33-concerts-.jpg.jpg?fit=599%2C600&ssl=1\",\"contentUrl\":\"https:\\\/\\\/i0.wp.com\\\/culturesco.com\\\/wp-content\\\/uploads\\\/2021\\\/08\\\/raconte-moi-33-concerts-.jpg.jpg?fit=599%2C600&ssl=1\",\"width\":599,\"height\":600,\"caption\":\"raconte moi 33 concert Loic stephan\"},{\"@type\":\"BreadcrumbList\",\"@id\":\"https:\\\/\\\/culturesco.com\\\/index.php\\\/produit\\\/raconte-moi-33-concerts-livre-loic-lost-stephan\\\/#breadcrumb\",\"itemListElement\":[{\"@type\":\"ListItem\",\"position\":1,\"name\":\"Accueil\",\"item\":\"https:\\\/\\\/culturesco.com\\\/\"},{\"@type\":\"ListItem\",\"position\":2,\"name\":\"Boutique\",\"item\":\"https:\\\/\\\/culturesco.com\\\/index.php\\\/boutique\\\/\"},{\"@type\":\"ListItem\",\"position\":3,\"name\":\"Raconte-moi 33 concerts &#8211; LOIC &#8220;LOST&#8221; STEPHAN\"}]},{\"@type\":\"WebSite\",\"@id\":\"https:\\\/\\\/culturesco.com\\\/#website\",\"url\":\"https:\\\/\\\/culturesco.com\\\/\",\"name\":\"Culturesco\",\"description\":\"Culturesco | Un bon coup de pied dans ta Culture\",\"publisher\":{\"@id\":\"https:\\\/\\\/culturesco.com\\\/#organization\"},\"potentialAction\":[{\"@type\":\"SearchAction\",\"target\":{\"@type\":\"EntryPoint\",\"urlTemplate\":\"https:\\\/\\\/culturesco.com\\\/?s={search_term_string}\"},\"query-input\":{\"@type\":\"PropertyValueSpecification\",\"valueRequired\":true,\"valueName\":\"search_term_string\"}}],\"inLanguage\":\"fr-FR\"},{\"@type\":\"Organization\",\"@id\":\"https:\\\/\\\/culturesco.com\\\/#organization\",\"name\":\"CULTURESCO\",\"url\":\"https:\\\/\\\/culturesco.com\\\/\",\"logo\":{\"@type\":\"ImageObject\",\"inLanguage\":\"fr-FR\",\"@id\":\"https:\\\/\\\/culturesco.com\\\/#\\\/schema\\\/logo\\\/image\\\/\",\"url\":\"https:\\\/\\\/i0.wp.com\\\/culturesco.com\\\/wp-content\\\/uploads\\\/2022\\\/04\\\/culturesco-logo-blanc250p.png?fit=250%2C250&ssl=1\",\"contentUrl\":\"https:\\\/\\\/i0.wp.com\\\/culturesco.com\\\/wp-content\\\/uploads\\\/2022\\\/04\\\/culturesco-logo-blanc250p.png?fit=250%2C250&ssl=1\",\"width\":250,\"height\":250,\"caption\":\"CULTURESCO\"},\"image\":{\"@id\":\"https:\\\/\\\/culturesco.com\\\/#\\\/schema\\\/logo\\\/image\\\/\"},\"sameAs\":[\"https:\\\/\\\/www.facebook.com\\\/radioculturesco\",\"https:\\\/\\\/x.com\\\/AugusteMarshal\",\"https:\\\/\\\/www.instagram.com\\\/carotte_rock_culture\\\/\",\"https:\\\/\\\/www.pinterest.fr\\\/augustemarshal\\\/\",\"https:\\\/\\\/www.youtube.com\\\/channel\\\/UCiWLGffqWSXlNnfzp6YwwyQ\"]}]}<\/script>\n<!-- \/ Yoast SEO plugin. -->","yoast_head_json":{"title":"Raconte-moi 33 concerts - LOIC \"LOST\" STEPHAN - Culturesco","description":"Raconte-moi 33 concerts, un livre de Loic Lost Stephan. 33 Lives cont\u00e9s par l'auteur, l'ambiance comme si vous y \u00e9tiez, au format vinyle !","robots":{"index":"index","follow":"follow","max-snippet":"max-snippet:-1","max-image-preview":"max-image-preview:large","max-video-preview":"max-video-preview:-1"},"canonical":"https:\/\/culturesco.com\/index.php\/produit\/raconte-moi-33-concerts-livre-loic-lost-stephan\/","og_locale":"fr_FR","og_type":"article","og_title":"Raconte-moi 33 concerts - LOIC \"LOST\" STEPHAN - Culturesco","og_description":"Raconte-moi 33 concerts, un livre de Loic Lost Stephan. 33 Lives cont\u00e9s par l'auteur, l'ambiance comme si vous y \u00e9tiez, au format vinyle !","og_url":"https:\/\/culturesco.com\/index.php\/produit\/raconte-moi-33-concerts-livre-loic-lost-stephan\/","og_site_name":"Culturesco","article_publisher":"https:\/\/www.facebook.com\/radioculturesco","article_modified_time":"2022-11-28T21:33:08+00:00","og_image":[{"width":599,"height":600,"url":"https:\/\/culturesco.com\/wp-content\/uploads\/2021\/08\/raconte-moi-33-concerts-.jpg.jpg","type":"image\/jpeg"}],"twitter_card":"summary_large_image","twitter_site":"@AugusteMarshal","twitter_misc":{"Dur\u00e9e de lecture estim\u00e9e":"1 minute"},"schema":{"@context":"https:\/\/schema.org","@graph":[{"@type":"WebPage","@id":"https:\/\/culturesco.com\/index.php\/produit\/raconte-moi-33-concerts-livre-loic-lost-stephan\/","url":"https:\/\/culturesco.com\/index.php\/produit\/raconte-moi-33-concerts-livre-loic-lost-stephan\/","name":"Raconte-moi 33 concerts - LOIC \"LOST\" STEPHAN - Culturesco","isPartOf":{"@id":"https:\/\/culturesco.com\/#website"},"primaryImageOfPage":{"@id":"https:\/\/culturesco.com\/index.php\/produit\/raconte-moi-33-concerts-livre-loic-lost-stephan\/#primaryimage"},"image":{"@id":"https:\/\/culturesco.com\/index.php\/produit\/raconte-moi-33-concerts-livre-loic-lost-stephan\/#primaryimage"},"thumbnailUrl":"https:\/\/i0.wp.com\/culturesco.com\/wp-content\/uploads\/2021\/08\/raconte-moi-33-concerts-.jpg.jpg?fit=599%2C600&ssl=1","datePublished":"2021-08-23T20:25:32+00:00","dateModified":"2022-11-28T21:33:08+00:00","description":"Raconte-moi 33 concerts, un livre de Loic Lost Stephan. 33 Lives cont\u00e9s par l'auteur, l'ambiance comme si vous y \u00e9tiez, au format vinyle !","breadcrumb":{"@id":"https:\/\/culturesco.com\/index.php\/produit\/raconte-moi-33-concerts-livre-loic-lost-stephan\/#breadcrumb"},"inLanguage":"fr-FR","potentialAction":[{"@type":"ReadAction","target":["https:\/\/culturesco.com\/index.php\/produit\/raconte-moi-33-concerts-livre-loic-lost-stephan\/"]}]},{"@type":"ImageObject","inLanguage":"fr-FR","@id":"https:\/\/culturesco.com\/index.php\/produit\/raconte-moi-33-concerts-livre-loic-lost-stephan\/#primaryimage","url":"https:\/\/i0.wp.com\/culturesco.com\/wp-content\/uploads\/2021\/08\/raconte-moi-33-concerts-.jpg.jpg?fit=599%2C600&ssl=1","contentUrl":"https:\/\/i0.wp.com\/culturesco.com\/wp-content\/uploads\/2021\/08\/raconte-moi-33-concerts-.jpg.jpg?fit=599%2C600&ssl=1","width":599,"height":600,"caption":"raconte moi 33 concert Loic stephan"},{"@type":"BreadcrumbList","@id":"https:\/\/culturesco.com\/index.php\/produit\/raconte-moi-33-concerts-livre-loic-lost-stephan\/#breadcrumb","itemListElement":[{"@type":"ListItem","position":1,"name":"Accueil","item":"https:\/\/culturesco.com\/"},{"@type":"ListItem","position":2,"name":"Boutique","item":"https:\/\/culturesco.com\/index.php\/boutique\/"},{"@type":"ListItem","position":3,"name":"Raconte-moi 33 concerts &#8211; LOIC &#8220;LOST&#8221; STEPHAN"}]},{"@type":"WebSite","@id":"https:\/\/culturesco.com\/#website","url":"https:\/\/culturesco.com\/","name":"Culturesco","description":"Culturesco | Un bon coup de pied dans ta Culture","publisher":{"@id":"https:\/\/culturesco.com\/#organization"},"potentialAction":[{"@type":"SearchAction","target":{"@type":"EntryPoint","urlTemplate":"https:\/\/culturesco.com\/?s={search_term_string}"},"query-input":{"@type":"PropertyValueSpecification","valueRequired":true,"valueName":"search_term_string"}}],"inLanguage":"fr-FR"},{"@type":"Organization","@id":"https:\/\/culturesco.com\/#organization","name":"CULTURESCO","url":"https:\/\/culturesco.com\/","logo":{"@type":"ImageObject","inLanguage":"fr-FR","@id":"https:\/\/culturesco.com\/#\/schema\/logo\/image\/","url":"https:\/\/i0.wp.com\/culturesco.com\/wp-content\/uploads\/2022\/04\/culturesco-logo-blanc250p.png?fit=250%2C250&ssl=1","contentUrl":"https:\/\/i0.wp.com\/culturesco.com\/wp-content\/uploads\/2022\/04\/culturesco-logo-blanc250p.png?fit=250%2C250&ssl=1","width":250,"height":250,"caption":"CULTURESCO"},"image":{"@id":"https:\/\/culturesco.com\/#\/schema\/logo\/image\/"},"sameAs":["https:\/\/www.facebook.com\/radioculturesco","https:\/\/x.com\/AugusteMarshal","https:\/\/www.instagram.com\/carotte_rock_culture\/","https:\/\/www.pinterest.fr\/augustemarshal\/","https:\/\/www.youtube.com\/channel\/UCiWLGffqWSXlNnfzp6YwwyQ"]}]}},"jetpack_likes_enabled":true,"jetpack_sharing_enabled":true,"_links":{"self":[{"href":"https:\/\/culturesco.com\/index.php\/wp-json\/wp\/v2\/product\/14753","targetHints":{"allow":["GET"]}}],"collection":[{"href":"https:\/\/culturesco.com\/index.php\/wp-json\/wp\/v2\/product"}],"about":[{"href":"https:\/\/culturesco.com\/index.php\/wp-json\/wp\/v2\/types\/product"}],"replies":[{"embeddable":true,"href":"https:\/\/culturesco.com\/index.php\/wp-json\/wp\/v2\/comments?post=14753"}],"wp:featuredmedia":[{"embeddable":true,"href":"https:\/\/culturesco.com\/index.php\/wp-json\/wp\/v2\/media\/14754"}],"wp:attachment":[{"href":"https:\/\/culturesco.com\/index.php\/wp-json\/wp\/v2\/media?parent=14753"}],"wp:term":[{"taxonomy":"product_brand","embeddable":true,"href":"https:\/\/culturesco.com\/index.php\/wp-json\/wp\/v2\/product_brand?post=14753"},{"taxonomy":"product_cat","embeddable":true,"href":"https:\/\/culturesco.com\/index.php\/wp-json\/wp\/v2\/product_cat?post=14753"},{"taxonomy":"product_tag","embeddable":true,"href":"https:\/\/culturesco.com\/index.php\/wp-json\/wp\/v2\/product_tag?post=14753"}],"curies":[{"name":"wp","href":"https:\/\/api.w.org\/{rel}","templated":true}]}}